{"id":385,"date":"2016-09-01T09:46:09","date_gmt":"2016-09-01T09:46:09","guid":{"rendered":"https:\/\/m-nc.de\/en\/impressum"},"modified":"2026-03-17T12:38:59","modified_gmt":"2026-03-17T10:38:59","slug":"impressum","status":"publish","type":"page","link":"https:\/\/m-nc.de\/en\/impressum","title":{"rendered":"Imprint"},"content":{"rendered":"<h4><b>Imprint<\/b><\/h4>\n<p><b>Information referred to \u00a7 5 TMG:<\/b><\/p>\n<p>Medical Netcare GmbH<br \/>\nMendelstrasse 11<br \/>\n48149 M\u00fcnster<\/p>\n<p><b>represented by:<\/b><\/p>\n<p>Frank Potthoff<br \/>\nH\u00f6lkenbusch 17<br \/>\n48161 M\u00fcnster<\/p>\n<p>and<\/p>\n<p>Dr. Christof M\u00fcnscher<br \/>\nWaldweg 13<br \/>\n36199 Rotenburg<\/p>\n<p><b>Contact:<\/b><\/p>\n<table>\n<tr>\n<td>Phone:<\/td>\n<td>02519801830<\/td>\n<\/tr>\n<tr>\n<td>Fax:<\/td>\n<td>02519801839<\/td>\n<\/tr>\n<tr>\n<td>E-Mail:<\/td>\n<td>info@m-nc.de<\/td>\n<\/tr>\n<\/table>\n<p><b>Register entry:<\/b><\/p>\n<p>Entry in the German &#8220;Handelsregister&#8221;.<br \/>\nregister court: Amtsgericht M\u00fcnster <br \/>\nregister number: HRB 6112<\/p>\n<p><b>Sales-Tax-ID:<\/b><\/p>\n<p>Sales-Tax-ID referred to \u00a727 a Umsatzsteuergesetz:<br \/>\nDE 210 972 427<\/p>\n<p><b>Responsible for the content referred to \u00a7 55 Abs. 2 RStV:<\/b><\/p>\n<p>Frank Potthoff<br \/>\nH\u00f6lkenbusch 17<br \/>\n48161 M\u00fcnster<\/p>\n<p>left<\/p>\n<p>no-repeat;center top;;<\/p>\n<p>auto<\/p>\n<p><img src=\"https:\/\/m-nc.de\/wp-content\/uploads\/2016\/09\/IMG_8145.jpg\" alt=\"IMG_8145\"\/><\/p>\n<p>center<\/p>\n<h4><b>Disclaimer<\/b><\/h4>\n<p><strong>Accountability for Content<\/strong><\/p>\n<p>As a service provider we are responsible according \u00a7 7 1 TMG for own contents on these pages under the general laws. According to \u00a7\u00a7 8 to 10 TMG we are not obligated as a service provider to monitor transmitted or stored information, or to investigate circumstances that indicate illegal activity. Obligations to remove or block the use of information under the general laws remain unaffected. However, a relevant liability is only possible from the date of knowledge of a specific infringement. Upon notification of such violations, we will remove the content immediately.<\/p>\n<p><strong>Liability for Links<\/strong><\/p>\n<p>Our site contains links to external websites, over which we do not have control. Therefore we can not accept any responsibility for this foreign content. The provider or operator is always responsible for the content of linked pages. The linked sites were checked at the time of linking for possible legal violations. There was no illegal content at the time of linking. A permanent control of the linked pages is unreasonable without concrete evidence of a violation. Upon notification of violations, we will immediately remove such links.<\/p>\n<p><strong>Copyright Law<\/strong><\/p>\n<p>The content and works on these pages created by the site operators are subject to German copyright law. Copying, editing, distribution and any kind of exploitation outside the limits of copyright require the written consent of the author or creator. Downloads and copies are permitted only for private, non-commercial use. Insofar as the content is not created by the operator, the copyright of third parties. In particular contents of third parties are marked as such. Should you still be aware of copyright infringement, we ask for a hint. Upon notification of violations, we will remove the content immediately.<\/p>\n<p>Source: <em><a href=\"https:\/\/www.e-recht24.de\"><font color=\"yellow\">https:\/\/www.e-recht24.de<\/font><\/a><\/em><\/p>\n<p><a name=\"KontaktLabel\"><\/a><\/p>\n<p>justify<\/p>\n<p>no-repeat;center top;;<\/p>\n<p>auto<\/p>\n","protected":false},"excerpt":{"rendered":"<p>Imprint Information referred to \u00a7 5 TMG: Medical Netcare GmbH Mendelstrasse 11 48149 M\u00fcnster represented by: Frank Potthoff H\u00f6lkenbusch 17 48161 M\u00fcnster and Dr. Christof M\u00fcnscher<span class=\"excerpt-hellip\"> [\u2026]<\/span><\/p>\n","protected":false},"author":1,"featured_media":0,"parent":0,"menu_order":0,"comment_status":"closed","ping_status":"closed","template":"","meta":[],"_links":{"self":[{"href":"https:\/\/m-nc.de\/en\/wp-json\/wp\/v2\/pages\/385"}],"collection":[{"href":"https:\/\/m-nc.de\/en\/wp-json\/wp\/v2\/pages"}],"about":[{"href":"https:\/\/m-nc.de\/en\/wp-json\/wp\/v2\/types\/page"}],"author":[{"embeddable":true,"href":"https:\/\/m-nc.de\/en\/wp-json\/wp\/v2\/users\/1"}],"replies":[{"embeddable":true,"href":"https:\/\/m-nc.de\/en\/wp-json\/wp\/v2\/comments?post=385"}],"version-history":[{"count":4,"href":"https:\/\/m-nc.de\/en\/wp-json\/wp\/v2\/pages\/385\/revisions"}],"predecessor-version":[{"id":990,"href":"https:\/\/m-nc.de\/en\/wp-json\/wp\/v2\/pages\/385\/revisions\/990"}],"wp:attachment":[{"href":"https:\/\/m-nc.de\/en\/wp-json\/wp\/v2\/media?parent=385"}],"curies":[{"name":"wp","href":"https:\/\/api.w.org\/{rel}","templated":true}]}}