{"id":456,"date":"2016-09-01T12:00:28","date_gmt":"2016-09-01T10:00:28","guid":{"rendered":"https:\/\/m-nc.de\/en\/projektuebersicht"},"modified":"2022-06-09T09:40:41","modified_gmt":"2022-06-09T07:40:41","slug":"projekt-overview","status":"publish","type":"page","link":"https:\/\/m-nc.de\/en\/projekt-overview","title":{"rendered":"project overview"},"content":{"rendered":"<p>Project Overview<\/p>\n<p><font color=\"#555555\">Medical Netcare &#8211; Management in Health Care<\/font><\/p>\n<p><font color=\"#555555\">our current projects<\/font><\/p>\n<p>line<\/p>\n<p>fadeIn<\/p>\n<p>Evaluation of the German Disease Management Programs (DMP)<\/p>\n<p>h4<\/p>\n<p>Medical Netcare operates as evaluator of DMP ever since the statutory evaluation of the nationwide Disease Management Programs started. All current programs &#8211; for the indications diabetes mellitus type 1 and type 2, coronary heart disease, breast cancer, COPD and bronchial asthma &#8211; are evaluated by MNC.<\/p>\n<p>icon-plus-squared<\/p>\n<p>top<\/p>\n<p><a href=\"dmp-evaluation\/\">dmp-evaluation\/<\/a><\/p>\n<p>fadeIn<\/p>\n<p>Quality Assurance in dialysis treatment<\/p>\n<p>h4<\/p>\n<p>Since 2007, the Federal Joint Committee (G-BA) observes the quality of dialysis treatment within the German statutory health insurance. MNC creates over 2800 individual quarterly reports per year and also provides a summarizing annual report that allows a quick overview of the quality of dialysis treatment in Germany.<\/p>\n<p>icon-cog-line<\/p>\n<p>top<\/p>\n<p><a href=\"qs-dialyse\/\">qs-dialyse\/<\/a><\/p>\n<p>fadeIn<\/p>\n<p>Benchmarking the dialysis treatment<\/p>\n<p>h4<\/p>\n<p>MNC annually reports a summary of the results of five reporting bodies to the G-BA. All of the data of the reporting bodies is sent to MNC and is incorporated into the annual benchmarking report.<\/p>\n<p>icon-doc-line<\/p>\n<p>top<\/p>\n<p><a href=\"berst-dialyse\/\">berst-dialyse\/<\/a><\/p>\n<p>fadeIn<\/p>\n<p>Evaluation of the german disease management programs<\/p>\n<p>h4<\/p>\n<p>Since the beginning of the statutory evaluation of the Germany-wide disease management programs Medical Netcare operates as an evaluator. All current programs &#8211; diabetes mellitus type 1 and type 2, coronary heart disease, breast cancer, COPD and bronchial asthma &#8211; are evaluated by MNC.<\/p>\n<p>icon-plus-squared<\/p>\n<p>top<\/p>\n<p><a href=\"dmp-evaluation\/\">dmp-evaluation\/<\/a><\/p>\n<p>fadeIn<\/p>\n<p>Quality assurance in dialysis treatment<\/p>\n<p>h4<\/p>\n<p>Since 2007, the G-BA (Gemeinsamer Bundesausschuss), a Federal Joint Committee, observed the quality of dialysis treatment in the german compulsory health insurance. MNC creates over 2800 individual quarterly reports per year and each year a summary annual report that provide a quick overview of the quality of dialysis treatment in Germany.<\/p>\n<p>icon-cog-line<\/p>\n<p>top<\/p>\n<p><a href=\"qs-dialyse\/\">qs-dialyse\/<\/a><\/p>\n<p>fadeIn<\/p>\n<p>Benchmarking the dialysis treatment<\/p>\n<p>h4<\/p>\n<p>Annually MNC reports a summary of the results of the so-called \u201cBerichtersteller\u201d for the G-BA. All data of these 5 Germany-wide \u201cBerichtersteller\u201d will be directed to MNC and flow into an annual benchmarking report every year.<\/p>\n<p>icon-doc-line<\/p>\n<p>top<\/p>\n<p><a href=\"berst-dialyse\/\">berst-dialyse\/<\/a><\/p>\n<p>fadeIn<\/p>\n<p>Warenwirtschaftssystem f\u00fcr die Westfalen AG<\/p>\n<p>h4<\/p>\n<p>Bereits seit \u00fcber 10 Jahren betreuen wir die Westfalen AG softwareseitig. Dabei werden immer wieder neue Verfahren implementiert wie zum Beispiel eine neue, hochpr\u00e4zise, temperaturunabh\u00e4ngige Volumenbestimmung f\u00fcr Treibstoffe.<\/p>\n<p>icon-droplet<\/p>\n<p>top<\/p>\n<p><a href=\"westfalen-ag\/\">westfalen-ag\/<\/a><\/p>\n<p>fadeIn<\/p>\n","protected":false},"excerpt":{"rendered":"<p>Project Overview Medical Netcare &#8211; Management in Health Care our current projects line fadeIn Evaluation of the German Disease Management Programs (DMP) h4 Medical Netcare operates<span class=\"excerpt-hellip\"> [\u2026]<\/span><\/p>\n","protected":false},"author":1,"featured_media":0,"parent":0,"menu_order":0,"comment_status":"closed","ping_status":"closed","template":"","meta":[],"_links":{"self":[{"href":"https:\/\/m-nc.de\/en\/wp-json\/wp\/v2\/pages\/456"}],"collection":[{"href":"https:\/\/m-nc.de\/en\/wp-json\/wp\/v2\/pages"}],"about":[{"href":"https:\/\/m-nc.de\/en\/wp-json\/wp\/v2\/types\/page"}],"author":[{"embeddable":true,"href":"https:\/\/m-nc.de\/en\/wp-json\/wp\/v2\/users\/1"}],"replies":[{"embeddable":true,"href":"https:\/\/m-nc.de\/en\/wp-json\/wp\/v2\/comments?post=456"}],"version-history":[{"count":10,"href":"https:\/\/m-nc.de\/en\/wp-json\/wp\/v2\/pages\/456\/revisions"}],"predecessor-version":[{"id":1697,"href":"https:\/\/m-nc.de\/en\/wp-json\/wp\/v2\/pages\/456\/revisions\/1697"}],"wp:attachment":[{"href":"https:\/\/m-nc.de\/en\/wp-json\/wp\/v2\/media?parent=456"}],"curies":[{"name":"wp","href":"https:\/\/api.w.org\/{rel}","templated":true}]}}