{"id":464,"date":"2016-09-01T14:49:38","date_gmt":"2016-09-01T12:49:38","guid":{"rendered":"https:\/\/m-nc.de\/en\/pharmaoekonomie"},"modified":"2019-01-29T13:41:40","modified_gmt":"2019-01-29T11:41:40","slug":"pharmaoekonomie","status":"publish","type":"page","link":"https:\/\/m-nc.de\/en\/pharmaoekonomie","title":{"rendered":"Pharmacoeconomics"},"content":{"rendered":"<h2><b>Pharmacoeconomic Studies<\/b><\/h2>\n<h3>MNC has made a name for itself in pharmacoeconomics by conducting various research projects. By cooperating with the  WWU M\u00fcnster (Westf\u00e4lische Wilhelms-Universit\u00e4t) we are always on the cutting edge of research. Study design and selecting a suitable evaluation methodology are our strengths.<\/h3>\n<p><a  class=\"button scroll has-icon button_right button_size_2\"  href=\"#pharmaoeko_info\" style=\"background-color:#2991D6!important;color:white;\"    ><span class=\"button_icon\"><i class=\"icon-beaker-line\"  style=\"color:white!important;\" aria-hidden=\"true\"><\/i><\/span><span class=\"button_label\">MNC researches<\/span><\/a>\n<br \/>\n<a  class=\"button scroll has-icon button_right button_size_2\"  href=\"#pharmaoeko_publikationen\" style=\"background-color:#2991D6!important;color:white;\"    ><span class=\"button_icon\"><i class=\"icon-book-open\"  style=\"color:white!important;\" aria-hidden=\"true\"><\/i><\/span><span class=\"button_label\">publications<\/span><\/a>\n<\/p>\n<p>center<\/p>\n<p>no-repeat;center top;;<\/p>\n<p>auto<\/p>\n<p>fadeIn<\/p>\n<p>Research and Analysis<\/p>\n<p>Pharmacoeconomics<\/p>\n<p>Realise your research projects with Medical Netcare<\/p>\n<p>line<\/p>\n<p>In more than<\/p>\n<h4>MNC has performed prospective pharmacoeconomic studies.<\/h4>\n<p>The study design by MNC is proven and tested multiple times and consists of several modules.<\/p>\n<p>150<\/p>\n<p>med. practices<\/p>\n<p>mncfakt<\/p>\n<h4>Benefit from our experience<\/h4>\n<p>h4<\/p>\n<p>Just plan your next study with us. Click here for the contact options or use the contact form.<\/p>\n<p><a  class=\"button scroll has-icon button_right button_size_1\"  href=\"#Footer\" style=\"background-color:#2991D6!important;color:white;\"    ><span class=\"button_icon\"><i class=\"icon-paper-plane-line\"  style=\"color:white!important;\" aria-hidden=\"true\"><\/i><\/span><span class=\"button_label\">contact form<\/span><\/a>\n<br \/>\n<a  class=\"button scroll has-icon button_right button_size_1\"  href=\"#pharmaoeko_info2\" style=\"background-color:#009404!important;color:white;\"    ><span class=\"button_icon\"><i class=\"icon-info\"  style=\"color:white!important;\" aria-hidden=\"true\"><\/i><\/span><span class=\"button_label\">more information<\/span><\/a>\n<\/p>\n<p>icon-beaker-line<\/p>\n<p>top<\/p>\n<p><a href=\"..\/en\/#googlemap\">..\/en\/#googlemap<\/a><\/p>\n<p>scroll<\/p>\n<p>px45hoch<\/p>\n<p>Benchmarks for more than<\/p>\n<h4>established.<\/h4>\n<p>The claim to be among the best is a clear strategic goal in the health care system.<\/p>\n<p>450<\/p>\n<p>med. practices<\/p>\n<p>mncfakt<\/p>\n<h4>Pharmacoeconomics<\/h4>\n<p>Medical Netcare has already conducted prospective health-economic studies and projects in more than 150 medical practices, and has established benchmarking processes in more than 450 medical practices.<\/p>\n<p>In many areas of the health care system &#8211; industry, (medical) providers of services or health and care insurance providers &#8211; the claim &#8220;to be among the best&#8221; is a clear strategic goal and is also gaining importance in outpatient practice due to the increasing competitive pressure.<\/p>\n<p>The MNC Study System is a multi-tested and modular concept for the planning and implementation of health and pharmaco-economic study projects. Cohort and\/ or register studies can, for example, form the data base, which is also available online on request for case planning and hypothesis testing. Based on this, we will develop and realise prospective, multicentric studies with you, which can be documented in the study centers or directly online.<\/p>\n<a  class=\"button scroll has-icon button_right button_size_2\"  href=\"http:\/\/..\/en\/#googlemap\" style=\"background-color:#2991D6!important;color:white;\"    ><span class=\"button_icon\"><i class=\"icon-paper-plane-line\"  style=\"color:white!important;\" aria-hidden=\"true\"><\/i><\/span><span class=\"button_label\">contact options<\/span><\/a>\n\n<p>justify<\/p>\n<p>no-repeat;center top;;<\/p>\n<p>auto<\/p>\n<p><img src=\"https:\/\/m-nc.de\/wp-content\/uploads\/2016\/09\/beratungsgespraech_transparent_kl.png\" alt=\"beratungsgespraech_transparent_kl\"><\/p>\n<p>center<\/p>\n<h4>Downloads<\/h4>\n<p>Lassen Sie uns Ihnen einen Teil unserer Forschungskonzepte vorstellen.<\/p>\n<a class=\"mfn-link mfn-link-5 \" href=\"#\" style=\"\" data-hover=\"Pharmako\u00f6konomiestudien unter Praxisbedingungen\" target=\"_blank\" ><span data-hover=\"Pharmako\u00f6konomiestudien unter Praxisbedingungen\">Pharmako\u00f6konomiestudien unter Praxisbedingungen<\/span><\/a>\n<p>no-repeat;center top;;<\/p>\n<p>auto<\/p>\n<h4>Publications<\/h4>\n<p>This is a selection of some of our previous publications.<\/p>\n<p><a  class=\"button scroll has-icon button_right button_size_2\"  href=\"http:\/\/..\/en\/publikationen\/#publikation_tempo\" style=\"background-color:#2991D6!important;color:white;\"    ><span class=\"button_icon\"><i class=\"icon-book-open\"  style=\"color:white!important;\" aria-hidden=\"true\"><\/i><\/span><span class=\"button_label\">TEMPO\u00ae-Study<\/span><\/a>\n<br \/>\n<a  class=\"button scroll has-icon button_right button_size_2\"  href=\"http:\/\/..\/en\/publikationen\/#publikation_compact\" style=\"background-color:#2991D6!important;color:white;\"    ><span class=\"button_icon\"><i class=\"icon-book-open\"  style=\"color:white!important;\" aria-hidden=\"true\"><\/i><\/span><span class=\"button_label\">COMPACT\u00ae-Study<\/span><\/a>\n<br \/>\n<a  class=\"button scroll has-icon button_right button_size_2\"  href=\"http:\/\/..\/en\/publikationen\/#publikation_phazit\" style=\"background-color:#2991D6!important;color:white;\"    ><span class=\"button_icon\"><i class=\"icon-book-open\"  style=\"color:white!important;\" aria-hidden=\"true\"><\/i><\/span><span class=\"button_label\">Phazit\u00ae-Study<\/span><\/a>\n<br \/>\n<a  class=\"button scroll has-icon button_right button_size_2\"  href=\"http:\/\/..\/en\/publikationen\/#publikation_benchmark\" style=\"background-color:#2991D6!important;color:white;\"    ><span class=\"button_icon\"><i class=\"icon-book-open\"  style=\"color:white!important;\" aria-hidden=\"true\"><\/i><\/span><span class=\"button_label\">Benchmark\u00a9-Study<\/span><\/a>\n<\/p>\n<p>no-repeat;center top;;<\/p>\n<p>auto<\/p>\n<p><a name=\"KontaktLabel\"><\/a><\/p>\n<p>no-repeat;center top;;<\/p>\n<p>auto<\/p>\n","protected":false},"excerpt":{"rendered":"<p>Pharmacoeconomic Studies MNC has made a name for itself in pharmacoeconomics by conducting various research projects. By cooperating with the WWU M\u00fcnster (Westf\u00e4lische Wilhelms-Universit\u00e4t) we are<span class=\"excerpt-hellip\"> [\u2026]<\/span><\/p>\n","protected":false},"author":1,"featured_media":0,"parent":0,"menu_order":0,"comment_status":"closed","ping_status":"closed","template":"","meta":[],"_links":{"self":[{"href":"https:\/\/m-nc.de\/en\/wp-json\/wp\/v2\/pages\/464"}],"collection":[{"href":"https:\/\/m-nc.de\/en\/wp-json\/wp\/v2\/pages"}],"about":[{"href":"https:\/\/m-nc.de\/en\/wp-json\/wp\/v2\/types\/page"}],"author":[{"embeddable":true,"href":"https:\/\/m-nc.de\/en\/wp-json\/wp\/v2\/users\/1"}],"replies":[{"embeddable":true,"href":"https:\/\/m-nc.de\/en\/wp-json\/wp\/v2\/comments?post=464"}],"version-history":[{"count":12,"href":"https:\/\/m-nc.de\/en\/wp-json\/wp\/v2\/pages\/464\/revisions"}],"predecessor-version":[{"id":1698,"href":"https:\/\/m-nc.de\/en\/wp-json\/wp\/v2\/pages\/464\/revisions\/1698"}],"wp:attachment":[{"href":"https:\/\/m-nc.de\/en\/wp-json\/wp\/v2\/media?parent=464"}],"curies":[{"name":"wp","href":"https:\/\/api.w.org\/{rel}","templated":true}]}}